{"id":676,"date":"2021-04-12T16:39:54","date_gmt":"2021-04-12T16:39:54","guid":{"rendered":"https:\/\/mozasaguirre.com\/?page_id=676"},"modified":"2024-11-13T17:05:48","modified_gmt":"2024-11-13T17:05:48","slug":"alliance","status":"publish","type":"page","link":"https:\/\/aguirreestudioarquitectura.com\/en\/alliance\/","title":{"rendered":"ALLIANCE"},"content":{"rendered":"<p><a href=\"https:\/\/conetfacility.com\" target=\"_blank\" rel=\"noopener\"><img loading=\"lazy\" decoding=\"async\" class=\"alignnone size-full wp-image-674\" src=\"https:\/\/aguirreestudioarquitectura.com\/wp-content\/uploads\/2021\/04\/Logo-Conet-facility-JPG.jpg\" alt=\"Logo Conet Facility\" width=\"246\" height=\"61\" \/><\/a><\/p>\n<p>Gesti\u00f3n de activos<\/p>\n<p>Gesti\u00f3n de equipamientos<\/p>\n<p>Dise\u00f1o de espacios de trabajo<\/p>\n<p>Log\u00edstica de espacios de trabajo<\/p>\n ","protected":false},"excerpt":{"rendered":"<p>Gesti\u00f3n de activos Gesti\u00f3n de equipamientos Dise\u00f1o de espacios de trabajo Log\u00edstica de espacios de trabajo<\/p>\n","protected":false},"author":1,"featured_media":0,"parent":0,"menu_order":0,"comment_status":"closed","ping_status":"closed","template":"","meta":{"footnotes":""},"class_list":["post-676","page","type-page","status-publish","hentry"],"acf":[],"yoast_head":"<!-- This site is optimized with the Yoast SEO plugin v20.4 - https:\/\/yoast.com\/wordpress\/plugins\/seo\/ -->\n<title>ALLIANCE - Aguirre Estudio de Arquitectura<\/title>\n<meta name=\"robots\" content=\"index, follow, max-snippet:-1, max-image-preview:large, max-video-preview:-1\" \/>\n<link rel=\"canonical\" href=\"https:\/\/aguirreestudioarquitectura.com\/en\/alliance\/\" \/>\n<meta property=\"og:locale\" content=\"en_US\" \/>\n<meta property=\"og:type\" content=\"article\" \/>\n<meta property=\"og:title\" content=\"ALLIANCE - Aguirre Estudio de Arquitectura\" \/>\n<meta property=\"og:description\" content=\"Gesti\u00f3n de activos Gesti\u00f3n de equipamientos Dise\u00f1o de espacios de trabajo Log\u00edstica de espacios de trabajo\" \/>\n<meta property=\"og:url\" content=\"https:\/\/aguirreestudioarquitectura.com\/en\/alliance\/\" \/>\n<meta property=\"og:site_name\" content=\"Aguirre Estudio de Arquitectura\" \/>\n<meta property=\"article:modified_time\" content=\"2024-11-13T17:05:48+00:00\" \/>\n<meta property=\"og:image\" content=\"https:\/\/aguirreestudioarquitectura.com\/wp-content\/uploads\/2021\/04\/Logo-Conet-facility-JPG.jpg\" \/>\n<meta name=\"twitter:card\" content=\"summary_large_image\" \/>\n<meta name=\"twitter:site\" content=\"@edu_aguirre_\" \/>\n<script type=\"application\/ld+json\" class=\"yoast-schema-graph\">{\"@context\":\"https:\/\/schema.org\",\"@graph\":[{\"@type\":\"WebPage\",\"@id\":\"https:\/\/aguirreestudioarquitectura.com\/en\/alliance\/\",\"url\":\"https:\/\/aguirreestudioarquitectura.com\/en\/alliance\/\",\"name\":\"ALLIANCE - Aguirre Estudio de Arquitectura\",\"isPartOf\":{\"@id\":\"https:\/\/aguirreestudioarquitectura.com\/en\/#website\"},\"datePublished\":\"2021-04-12T16:39:54+00:00\",\"dateModified\":\"2024-11-13T17:05:48+00:00\",\"breadcrumb\":{\"@id\":\"https:\/\/aguirreestudioarquitectura.com\/en\/alliance\/#breadcrumb\"},\"inLanguage\":\"en-US\",\"potentialAction\":[{\"@type\":\"ReadAction\",\"target\":[\"https:\/\/aguirreestudioarquitectura.com\/en\/alliance\/\"]}]},{\"@type\":\"BreadcrumbList\",\"@id\":\"https:\/\/aguirreestudioarquitectura.com\/en\/alliance\/#breadcrumb\",\"itemListElement\":[{\"@type\":\"ListItem\",\"position\":1,\"name\":\"Portada\",\"item\":\"https:\/\/aguirreestudioarquitectura.com\/en\/\"},{\"@type\":\"ListItem\",\"position\":2,\"name\":\"ALLIANCE\"}]},{\"@type\":\"WebSite\",\"@id\":\"https:\/\/aguirreestudioarquitectura.com\/en\/#website\",\"url\":\"https:\/\/aguirreestudioarquitectura.com\/en\/\",\"name\":\"Aguirre Estudio de Arquitectura\",\"description\":\"\",\"publisher\":{\"@id\":\"https:\/\/aguirreestudioarquitectura.com\/en\/#organization\"},\"potentialAction\":[{\"@type\":\"SearchAction\",\"target\":{\"@type\":\"EntryPoint\",\"urlTemplate\":\"https:\/\/aguirreestudioarquitectura.com\/en\/?s={search_term_string}\"},\"query-input\":\"required name=search_term_string\"}],\"inLanguage\":\"en-US\"},{\"@type\":\"Organization\",\"@id\":\"https:\/\/aguirreestudioarquitectura.com\/en\/#organization\",\"name\":\"MOZAS + AGUIRRE ESTUDIO DE ARQUITECTURA S.L.P.\",\"url\":\"https:\/\/aguirreestudioarquitectura.com\/en\/\",\"logo\":{\"@type\":\"ImageObject\",\"inLanguage\":\"en-US\",\"@id\":\"https:\/\/aguirreestudioarquitectura.com\/en\/#\/schema\/logo\/image\/\",\"url\":\"https:\/\/mozasaguirre.com\/wp-content\/uploads\/2021\/01\/LOGO-MOZAS-AGUIRRE-ESTUDIO-DE-ARQUITECTURA.png\",\"contentUrl\":\"https:\/\/mozasaguirre.com\/wp-content\/uploads\/2021\/01\/LOGO-MOZAS-AGUIRRE-ESTUDIO-DE-ARQUITECTURA.png\",\"width\":442,\"height\":52,\"caption\":\"MOZAS + AGUIRRE ESTUDIO DE ARQUITECTURA S.L.P.\"},\"image\":{\"@id\":\"https:\/\/aguirreestudioarquitectura.com\/en\/#\/schema\/logo\/image\/\"},\"sameAs\":[\"https:\/\/twitter.com\/edu_aguirre_\"]}]}<\/script>\n<!-- \/ Yoast SEO plugin. -->","yoast_head_json":{"title":"ALLIANCE - Aguirre Estudio de Arquitectura","robots":{"index":"index","follow":"follow","max-snippet":"max-snippet:-1","max-image-preview":"max-image-preview:large","max-video-preview":"max-video-preview:-1"},"canonical":"https:\/\/aguirreestudioarquitectura.com\/en\/alliance\/","og_locale":"en_US","og_type":"article","og_title":"ALLIANCE - Aguirre Estudio de Arquitectura","og_description":"Gesti\u00f3n de activos Gesti\u00f3n de equipamientos Dise\u00f1o de espacios de trabajo Log\u00edstica de espacios de trabajo","og_url":"https:\/\/aguirreestudioarquitectura.com\/en\/alliance\/","og_site_name":"Aguirre Estudio de Arquitectura","article_modified_time":"2024-11-13T17:05:48+00:00","og_image":[{"url":"https:\/\/aguirreestudioarquitectura.com\/wp-content\/uploads\/2021\/04\/Logo-Conet-facility-JPG.jpg"}],"twitter_card":"summary_large_image","twitter_site":"@edu_aguirre_","schema":{"@context":"https:\/\/schema.org","@graph":[{"@type":"WebPage","@id":"https:\/\/aguirreestudioarquitectura.com\/en\/alliance\/","url":"https:\/\/aguirreestudioarquitectura.com\/en\/alliance\/","name":"ALLIANCE - Aguirre Estudio de Arquitectura","isPartOf":{"@id":"https:\/\/aguirreestudioarquitectura.com\/en\/#website"},"datePublished":"2021-04-12T16:39:54+00:00","dateModified":"2024-11-13T17:05:48+00:00","breadcrumb":{"@id":"https:\/\/aguirreestudioarquitectura.com\/en\/alliance\/#breadcrumb"},"inLanguage":"en-US","potentialAction":[{"@type":"ReadAction","target":["https:\/\/aguirreestudioarquitectura.com\/en\/alliance\/"]}]},{"@type":"BreadcrumbList","@id":"https:\/\/aguirreestudioarquitectura.com\/en\/alliance\/#breadcrumb","itemListElement":[{"@type":"ListItem","position":1,"name":"Portada","item":"https:\/\/aguirreestudioarquitectura.com\/en\/"},{"@type":"ListItem","position":2,"name":"ALLIANCE"}]},{"@type":"WebSite","@id":"https:\/\/aguirreestudioarquitectura.com\/en\/#website","url":"https:\/\/aguirreestudioarquitectura.com\/en\/","name":"Aguirre Estudio de Arquitectura","description":"","publisher":{"@id":"https:\/\/aguirreestudioarquitectura.com\/en\/#organization"},"potentialAction":[{"@type":"SearchAction","target":{"@type":"EntryPoint","urlTemplate":"https:\/\/aguirreestudioarquitectura.com\/en\/?s={search_term_string}"},"query-input":"required name=search_term_string"}],"inLanguage":"en-US"},{"@type":"Organization","@id":"https:\/\/aguirreestudioarquitectura.com\/en\/#organization","name":"MOZAS + AGUIRRE ESTUDIO DE ARQUITECTURA S.L.P.","url":"https:\/\/aguirreestudioarquitectura.com\/en\/","logo":{"@type":"ImageObject","inLanguage":"en-US","@id":"https:\/\/aguirreestudioarquitectura.com\/en\/#\/schema\/logo\/image\/","url":"https:\/\/mozasaguirre.com\/wp-content\/uploads\/2021\/01\/LOGO-MOZAS-AGUIRRE-ESTUDIO-DE-ARQUITECTURA.png","contentUrl":"https:\/\/mozasaguirre.com\/wp-content\/uploads\/2021\/01\/LOGO-MOZAS-AGUIRRE-ESTUDIO-DE-ARQUITECTURA.png","width":442,"height":52,"caption":"MOZAS + AGUIRRE ESTUDIO DE ARQUITECTURA S.L.P."},"image":{"@id":"https:\/\/aguirreestudioarquitectura.com\/en\/#\/schema\/logo\/image\/"},"sameAs":["https:\/\/twitter.com\/edu_aguirre_"]}]}},"_links":{"self":[{"href":"https:\/\/aguirreestudioarquitectura.com\/en\/wp-json\/wp\/v2\/pages\/676","targetHints":{"allow":["GET"]}}],"collection":[{"href":"https:\/\/aguirreestudioarquitectura.com\/en\/wp-json\/wp\/v2\/pages"}],"about":[{"href":"https:\/\/aguirreestudioarquitectura.com\/en\/wp-json\/wp\/v2\/types\/page"}],"author":[{"embeddable":true,"href":"https:\/\/aguirreestudioarquitectura.com\/en\/wp-json\/wp\/v2\/users\/1"}],"replies":[{"embeddable":true,"href":"https:\/\/aguirreestudioarquitectura.com\/en\/wp-json\/wp\/v2\/comments?post=676"}],"version-history":[{"count":3,"href":"https:\/\/aguirreestudioarquitectura.com\/en\/wp-json\/wp\/v2\/pages\/676\/revisions"}],"predecessor-version":[{"id":788,"href":"https:\/\/aguirreestudioarquitectura.com\/en\/wp-json\/wp\/v2\/pages\/676\/revisions\/788"}],"wp:attachment":[{"href":"https:\/\/aguirreestudioarquitectura.com\/en\/wp-json\/wp\/v2\/media?parent=676"}],"curies":[{"name":"wp","href":"https:\/\/api.w.org\/{rel}","templated":true}]}}