{"id":642,"date":"2021-04-07T14:29:45","date_gmt":"2021-04-07T14:29:45","guid":{"rendered":"https:\/\/mozasaguirre.com\/?page_id=642"},"modified":"2021-04-12T10:59:23","modified_gmt":"2021-04-12T10:59:23","slug":"awards-and-references","status":"publish","type":"page","link":"https:\/\/aguirreestudioarquitectura.com\/en\/awards-and-references\/","title":{"rendered":"AWARDS AND REFERENCES"},"content":{"rendered":"<p><strong>AWARDS<\/strong><\/p>\n<ul>\n<li>Special mention in the Competition for the Municipal Swimming Pools in Y\u00e9cora. \u00c1lava. 2002<\/li>\n<li>Winning project in the Competition of the Sector 15 Master Plan. Salbur\u00faa. Vitoria-Gasteiz. 2001<\/li>\n<li>Winning project in the Competition of the El Pilar Civic Centre and Student Residence in Calle Paraguay Vitoria-Gasteiz. 2002<\/li>\n<li>Winning project in the Competition of 140 affordable social dwellings in plot RC08 Mariturri in Zabalgana. Vitoria-Gasteiz. 2004<\/li>\n<li>Winning project in the Competition of 211 affordable social dwellings in plot M 05 Ibaialde in Salbur\u00faa. Vitoria-Gasteiz. 2005<\/li>\n<li>Winning project in the Competition of 133 affordable social housing in plot RC 34 Mariturri in Zabalgana. Vitoria-Gasteiz. 2006<\/li>\n<li>Winning project in the Competition of the Remodelling of the RENFE Station Square Vitoria-Gasteiz. 2007<\/li>\n<li>2th Prize in the Competition of garden city park in plots La Caba\u00f1a in Logro\u00f1o. 2007<\/li>\n<li>Winning project in the Competition of a Centre for Services for social and economic improvement in Abaltzisketa. Guip\u00fazcoa 2008<\/li>\n<li>2nd Prize in the Competition of 137 affordable social dwellings in plot RC-3 Larrein. Vitoria-Gasteiz. 2012<\/li>\n<li>Special mention in the Europan Competition. Cascais-Portugal. 2010<\/li>\n<li>Winning project in the Competition of 166 affordable social dwellings in plot OR 5.2 Arechavaleta. Vitoria-Gasteiz. 2010<\/li>\n<li>3rd Prize in the Competition of 48 + 48 affordable housing + 62 social housing in plots RP-A3 and RP-A4 in Oinaurre. Irun. 2010<\/li>\n<li>4th Prize in the Competition of Municipal Sport Centre in Gorliz. 2011<\/li>\n<li>2nd Prize in the Competition of 62 affordable social dwellings in plot R-1 Egazelai. Eibar. 2012<\/li>\n<li>2nd Prize in the Competition of 134 affordable social dwellings in plot A.300.2 de Txomin Enea. Donosti\/San Sebasti\u00e1n. 2015<\/li>\n<li>Winning project in the Competition of \u00a0for the Conservation of the Green Zones of Bilbao. 2015<\/li>\n<li>House in Aretxabaleta, work selected in the building category of the awards COAVN 2019<\/li>\n<\/ul>\n<p><strong>REFERENCES<\/strong><\/p>\n<p><strong>Master Plan Sector 15 Salbur\u00faa <\/strong><\/p>\n<ul>\n<li>COAVN Architecture Prize Premios COAVN de Arquitectura EHAEO Arkitektura Sariak<\/li>\n<\/ul>\n<p><strong>El Pilar Civic Centre<\/strong><\/p>\n<ul>\n<li>AEQUUS, architecture magazine<\/li>\n<li>Conarquitectura<\/li>\n<\/ul>\n<p><strong>M4 Collective Housing in Salbur\u00faa<\/strong><\/p>\n<ul>\n<li>future 3<\/li>\n<\/ul>\n<p><strong>Caja Vital Kutxa Headquarters<\/strong><\/p>\n<ul>\n<li>arketipo<\/li>\n<li>Details Korea<\/li>\n<li>Baunetz.de<\/li>\n<li>Mensch&amp;B\u00fcro<\/li>\n<li>Collection of Offices. Stuttgart<\/li>\n<li>Page One Publishing. Singapore<\/li>\n<li>Build<\/li>\n<li>Infodomus<\/li>\n<li>WICONA<\/li>\n<li>dise\u00f1art magazine<\/li>\n<li>promateriales de construcci\u00f3n y arquitectura actual<\/li>\n<li>oficinas, arquitectura+interiorismo+mobiliario<\/li>\n<li>afl<\/li>\n<li>ait-online.de<\/li>\n<li>Cercha<\/li>\n<li>Archdaily<\/li>\n<li>MIMOA<\/li>\n<li>Arnewde<\/li>\n<li>ARQUITOUR<\/li>\n<li>Dise\u00f1art<\/li>\n<li>LAB Magazine. Russia<\/li>\n<li>The Bund. China<\/li>\n<\/ul>\n<p><strong>Europan 10 Cascais-Cabreiro<\/strong><\/p>\n<ul>\n<li>Portugal Edition<\/li>\n<li>Spanish Edition<\/li>\n<li>European Edition<\/li>\n<li>TVE Cultural.es tv programme. Escala 1 1 arquitecture<\/li>\n<\/ul>\n ","protected":false},"excerpt":{"rendered":"<p>AWARDS Special mention in the Competition for the Municipal Swimming Pools in Y\u00e9cora. \u00c1lava. 2002 Winning project in the Competition of the Sector 15 Master Plan. Salbur\u00faa. Vitoria-Gasteiz. 2001 Winning project in the Competition of the El Pilar Civic Centre and Student Residence in Calle Paraguay Vitoria-Gasteiz. 2002 Winning project in the Competition of 140 [&hellip;]<\/p>\n","protected":false},"author":1,"featured_media":0,"parent":0,"menu_order":0,"comment_status":"closed","ping_status":"closed","template":"","meta":{"footnotes":""},"class_list":["post-642","page","type-page","status-publish","hentry"],"acf":[],"yoast_head":"<!-- This site is optimized with the Yoast SEO plugin v20.4 - https:\/\/yoast.com\/wordpress\/plugins\/seo\/ -->\n<title>AWARDS AND REFERENCES - Aguirre Estudio de Arquitectura<\/title>\n<meta name=\"robots\" content=\"index, follow, max-snippet:-1, max-image-preview:large, max-video-preview:-1\" \/>\n<link rel=\"canonical\" href=\"https:\/\/aguirreestudioarquitectura.com\/en\/awards-and-references\/\" \/>\n<meta property=\"og:locale\" content=\"en_US\" \/>\n<meta property=\"og:type\" content=\"article\" \/>\n<meta property=\"og:title\" content=\"AWARDS AND REFERENCES - Aguirre Estudio de Arquitectura\" \/>\n<meta property=\"og:description\" content=\"AWARDS Special mention in the Competition for the Municipal Swimming Pools in Y\u00e9cora. \u00c1lava. 2002 Winning project in the Competition of the Sector 15 Master Plan. Salbur\u00faa. Vitoria-Gasteiz. 2001 Winning project in the Competition of the El Pilar Civic Centre and Student Residence in Calle Paraguay Vitoria-Gasteiz. 2002 Winning project in the Competition of 140 [&hellip;]\" \/>\n<meta property=\"og:url\" content=\"https:\/\/aguirreestudioarquitectura.com\/en\/awards-and-references\/\" \/>\n<meta property=\"og:site_name\" content=\"Aguirre Estudio de Arquitectura\" \/>\n<meta property=\"article:modified_time\" content=\"2021-04-12T10:59:23+00:00\" \/>\n<meta name=\"twitter:card\" content=\"summary_large_image\" \/>\n<meta name=\"twitter:site\" content=\"@edu_aguirre_\" \/>\n<script type=\"application\/ld+json\" class=\"yoast-schema-graph\">{\"@context\":\"https:\/\/schema.org\",\"@graph\":[{\"@type\":\"WebPage\",\"@id\":\"https:\/\/aguirreestudioarquitectura.com\/en\/awards-and-references\/\",\"url\":\"https:\/\/aguirreestudioarquitectura.com\/en\/awards-and-references\/\",\"name\":\"AWARDS AND REFERENCES - Aguirre Estudio de Arquitectura\",\"isPartOf\":{\"@id\":\"https:\/\/aguirreestudioarquitectura.com\/en\/#website\"},\"datePublished\":\"2021-04-07T14:29:45+00:00\",\"dateModified\":\"2021-04-12T10:59:23+00:00\",\"breadcrumb\":{\"@id\":\"https:\/\/aguirreestudioarquitectura.com\/en\/awards-and-references\/#breadcrumb\"},\"inLanguage\":\"en-US\",\"potentialAction\":[{\"@type\":\"ReadAction\",\"target\":[\"https:\/\/aguirreestudioarquitectura.com\/en\/awards-and-references\/\"]}]},{\"@type\":\"BreadcrumbList\",\"@id\":\"https:\/\/aguirreestudioarquitectura.com\/en\/awards-and-references\/#breadcrumb\",\"itemListElement\":[{\"@type\":\"ListItem\",\"position\":1,\"name\":\"Portada\",\"item\":\"https:\/\/aguirreestudioarquitectura.com\/en\/\"},{\"@type\":\"ListItem\",\"position\":2,\"name\":\"AWARDS AND REFERENCES\"}]},{\"@type\":\"WebSite\",\"@id\":\"https:\/\/aguirreestudioarquitectura.com\/en\/#website\",\"url\":\"https:\/\/aguirreestudioarquitectura.com\/en\/\",\"name\":\"Aguirre Estudio de Arquitectura\",\"description\":\"\",\"publisher\":{\"@id\":\"https:\/\/aguirreestudioarquitectura.com\/en\/#organization\"},\"potentialAction\":[{\"@type\":\"SearchAction\",\"target\":{\"@type\":\"EntryPoint\",\"urlTemplate\":\"https:\/\/aguirreestudioarquitectura.com\/en\/?s={search_term_string}\"},\"query-input\":\"required name=search_term_string\"}],\"inLanguage\":\"en-US\"},{\"@type\":\"Organization\",\"@id\":\"https:\/\/aguirreestudioarquitectura.com\/en\/#organization\",\"name\":\"MOZAS + AGUIRRE ESTUDIO DE ARQUITECTURA S.L.P.\",\"url\":\"https:\/\/aguirreestudioarquitectura.com\/en\/\",\"logo\":{\"@type\":\"ImageObject\",\"inLanguage\":\"en-US\",\"@id\":\"https:\/\/aguirreestudioarquitectura.com\/en\/#\/schema\/logo\/image\/\",\"url\":\"https:\/\/mozasaguirre.com\/wp-content\/uploads\/2021\/01\/LOGO-MOZAS-AGUIRRE-ESTUDIO-DE-ARQUITECTURA.png\",\"contentUrl\":\"https:\/\/mozasaguirre.com\/wp-content\/uploads\/2021\/01\/LOGO-MOZAS-AGUIRRE-ESTUDIO-DE-ARQUITECTURA.png\",\"width\":442,\"height\":52,\"caption\":\"MOZAS + AGUIRRE ESTUDIO DE ARQUITECTURA S.L.P.\"},\"image\":{\"@id\":\"https:\/\/aguirreestudioarquitectura.com\/en\/#\/schema\/logo\/image\/\"},\"sameAs\":[\"https:\/\/twitter.com\/edu_aguirre_\"]}]}<\/script>\n<!-- \/ Yoast SEO plugin. -->","yoast_head_json":{"title":"AWARDS AND REFERENCES - Aguirre Estudio de Arquitectura","robots":{"index":"index","follow":"follow","max-snippet":"max-snippet:-1","max-image-preview":"max-image-preview:large","max-video-preview":"max-video-preview:-1"},"canonical":"https:\/\/aguirreestudioarquitectura.com\/en\/awards-and-references\/","og_locale":"en_US","og_type":"article","og_title":"AWARDS AND REFERENCES - Aguirre Estudio de Arquitectura","og_description":"AWARDS Special mention in the Competition for the Municipal Swimming Pools in Y\u00e9cora. \u00c1lava. 2002 Winning project in the Competition of the Sector 15 Master Plan. Salbur\u00faa. Vitoria-Gasteiz. 2001 Winning project in the Competition of the El Pilar Civic Centre and Student Residence in Calle Paraguay Vitoria-Gasteiz. 2002 Winning project in the Competition of 140 [&hellip;]","og_url":"https:\/\/aguirreestudioarquitectura.com\/en\/awards-and-references\/","og_site_name":"Aguirre Estudio de Arquitectura","article_modified_time":"2021-04-12T10:59:23+00:00","twitter_card":"summary_large_image","twitter_site":"@edu_aguirre_","schema":{"@context":"https:\/\/schema.org","@graph":[{"@type":"WebPage","@id":"https:\/\/aguirreestudioarquitectura.com\/en\/awards-and-references\/","url":"https:\/\/aguirreestudioarquitectura.com\/en\/awards-and-references\/","name":"AWARDS AND REFERENCES - Aguirre Estudio de Arquitectura","isPartOf":{"@id":"https:\/\/aguirreestudioarquitectura.com\/en\/#website"},"datePublished":"2021-04-07T14:29:45+00:00","dateModified":"2021-04-12T10:59:23+00:00","breadcrumb":{"@id":"https:\/\/aguirreestudioarquitectura.com\/en\/awards-and-references\/#breadcrumb"},"inLanguage":"en-US","potentialAction":[{"@type":"ReadAction","target":["https:\/\/aguirreestudioarquitectura.com\/en\/awards-and-references\/"]}]},{"@type":"BreadcrumbList","@id":"https:\/\/aguirreestudioarquitectura.com\/en\/awards-and-references\/#breadcrumb","itemListElement":[{"@type":"ListItem","position":1,"name":"Portada","item":"https:\/\/aguirreestudioarquitectura.com\/en\/"},{"@type":"ListItem","position":2,"name":"AWARDS AND REFERENCES"}]},{"@type":"WebSite","@id":"https:\/\/aguirreestudioarquitectura.com\/en\/#website","url":"https:\/\/aguirreestudioarquitectura.com\/en\/","name":"Aguirre Estudio de Arquitectura","description":"","publisher":{"@id":"https:\/\/aguirreestudioarquitectura.com\/en\/#organization"},"potentialAction":[{"@type":"SearchAction","target":{"@type":"EntryPoint","urlTemplate":"https:\/\/aguirreestudioarquitectura.com\/en\/?s={search_term_string}"},"query-input":"required name=search_term_string"}],"inLanguage":"en-US"},{"@type":"Organization","@id":"https:\/\/aguirreestudioarquitectura.com\/en\/#organization","name":"MOZAS + AGUIRRE ESTUDIO DE ARQUITECTURA S.L.P.","url":"https:\/\/aguirreestudioarquitectura.com\/en\/","logo":{"@type":"ImageObject","inLanguage":"en-US","@id":"https:\/\/aguirreestudioarquitectura.com\/en\/#\/schema\/logo\/image\/","url":"https:\/\/mozasaguirre.com\/wp-content\/uploads\/2021\/01\/LOGO-MOZAS-AGUIRRE-ESTUDIO-DE-ARQUITECTURA.png","contentUrl":"https:\/\/mozasaguirre.com\/wp-content\/uploads\/2021\/01\/LOGO-MOZAS-AGUIRRE-ESTUDIO-DE-ARQUITECTURA.png","width":442,"height":52,"caption":"MOZAS + AGUIRRE ESTUDIO DE ARQUITECTURA S.L.P."},"image":{"@id":"https:\/\/aguirreestudioarquitectura.com\/en\/#\/schema\/logo\/image\/"},"sameAs":["https:\/\/twitter.com\/edu_aguirre_"]}]}},"_links":{"self":[{"href":"https:\/\/aguirreestudioarquitectura.com\/en\/wp-json\/wp\/v2\/pages\/642","targetHints":{"allow":["GET"]}}],"collection":[{"href":"https:\/\/aguirreestudioarquitectura.com\/en\/wp-json\/wp\/v2\/pages"}],"about":[{"href":"https:\/\/aguirreestudioarquitectura.com\/en\/wp-json\/wp\/v2\/types\/page"}],"author":[{"embeddable":true,"href":"https:\/\/aguirreestudioarquitectura.com\/en\/wp-json\/wp\/v2\/users\/1"}],"replies":[{"embeddable":true,"href":"https:\/\/aguirreestudioarquitectura.com\/en\/wp-json\/wp\/v2\/comments?post=642"}],"version-history":[{"count":3,"href":"https:\/\/aguirreestudioarquitectura.com\/en\/wp-json\/wp\/v2\/pages\/642\/revisions"}],"predecessor-version":[{"id":664,"href":"https:\/\/aguirreestudioarquitectura.com\/en\/wp-json\/wp\/v2\/pages\/642\/revisions\/664"}],"wp:attachment":[{"href":"https:\/\/aguirreestudioarquitectura.com\/en\/wp-json\/wp\/v2\/media?parent=642"}],"curies":[{"name":"wp","href":"https:\/\/api.w.org\/{rel}","templated":true}]}}