{"id":594,"date":"2020-12-16T16:30:20","date_gmt":"2020-12-16T16:30:20","guid":{"rendered":"https:\/\/mozasaguirre.com\/estudio\/"},"modified":"2023-05-26T14:49:30","modified_gmt":"2023-05-26T14:49:30","slug":"concept","status":"publish","type":"page","link":"https:\/\/aguirreestudioarquitectura.com\/en\/concept\/","title":{"rendered":"CONCEPT"},"content":{"rendered":"<p>\u00a0<\/p>\n<p><img loading=\"lazy\" decoding=\"async\" class=\"aligncenter wp-image-747\" src=\"https:\/\/aguirreestudioarquitectura.com\/wp-content\/uploads\/2023\/05\/FOTO-ESTUDIO_-_Mozas__Aguire_estudio_de_arquitectura_03-768x576-1-300x225.jpg\" alt=\"\" width=\"500\" height=\"375\" srcset=\"https:\/\/aguirreestudioarquitectura.com\/wp-content\/uploads\/2023\/05\/FOTO-ESTUDIO_-_Mozas__Aguire_estudio_de_arquitectura_03-768x576-1-300x225.jpg 300w, https:\/\/aguirreestudioarquitectura.com\/wp-content\/uploads\/2023\/05\/FOTO-ESTUDIO_-_Mozas__Aguire_estudio_de_arquitectura_03-768x576-1.jpg 768w\" sizes=\"auto, (max-width: 500px) 100vw, 500px\" \/><\/p>\n<p>\u00a0<\/p>\n<p>Technical office in all areas that include the definition and construction of a work in any of its phases, grouped around the disciplines that make up the building, from an incipient state to the final legalization of the project.<\/p>\n<p><span style=\"color: #7f690b;\"><strong>AGUIRRE ESTUDIO DE ARQUITECTURA S.L.P<\/strong><\/span>, a professional services company linked to architecture and design with more than 20 years of experience, has allowed us to establish successful collaborations and build loyalty to studios, engineering firms, developers, construction companies and Project managers.<\/p>\n<p>The growing demand for different services led to the creation of alliances with companies in the sector that have allowed us to offer our clients a service adjusted to their needs, constantly directing our efforts towards the objectives defined by the client, among which the design, the management, cost, term and quality.<\/p>\n<p>We aspire to gain the trust of our clients to guide, accompany and facilitate their work through the life cycle of a project. This can only be achieved by combining the efforts and knowledge of a multidisciplinary team made up of specialists in architecture, urban planning, calculation of structures, installations, interior design, industrial design, &#8230; which gives rise to an environment of shared creativity and exciting motivation.<\/p>\n<p><span style=\"color: #7f690b;\"><strong>AGUIRRE ESTUDIO DE ARQUITECTURA S.L.P <\/strong><\/span>offers its clients a design plus that gives their projects their own identity without neglecting time, form, costs, results and as an objective, a responsible, creative, free and honest architecture.<\/p>\n<p>\u00a0<\/p>\n<p><img loading=\"lazy\" decoding=\"async\" class=\"aligncenter wp-image-399\" src=\"https:\/\/aguirreestudioarquitectura.com\/wp-content\/uploads\/2020\/12\/FOTO-ESTUDIO_-_Mozas__Aguire_estudio_de_arquitectura_01-253x300.jpg\" alt=\"\" width=\"500\" height=\"592\" srcset=\"https:\/\/aguirreestudioarquitectura.com\/wp-content\/uploads\/2020\/12\/FOTO-ESTUDIO_-_Mozas__Aguire_estudio_de_arquitectura_01-253x300.jpg 253w, https:\/\/aguirreestudioarquitectura.com\/wp-content\/uploads\/2020\/12\/FOTO-ESTUDIO_-_Mozas__Aguire_estudio_de_arquitectura_01-768x909.jpg 768w, https:\/\/aguirreestudioarquitectura.com\/wp-content\/uploads\/2020\/12\/FOTO-ESTUDIO_-_Mozas__Aguire_estudio_de_arquitectura_01.jpg 800w\" sizes=\"auto, (max-width: 500px) 100vw, 500px\" \/><\/p>\n\n\n<p><\/p>\n ","protected":false},"excerpt":{"rendered":"<p>\u00a0 \u00a0 Technical office in all areas that include the definition and construction of a work in any of its phases, grouped around the disciplines that make up the building, from an incipient state to the final legalization of the project. AGUIRRE ESTUDIO DE ARQUITECTURA S.L.P, a professional services company linked to architecture and design [&hellip;]<\/p>\n","protected":false},"author":1,"featured_media":0,"parent":0,"menu_order":0,"comment_status":"closed","ping_status":"closed","template":"","meta":{"footnotes":""},"class_list":["post-594","page","type-page","status-publish","hentry"],"acf":[],"yoast_head":"<!-- This site is optimized with the Yoast SEO plugin v20.4 - https:\/\/yoast.com\/wordpress\/plugins\/seo\/ -->\n<title>CONCEPT - Aguirre Estudio de Arquitectura<\/title>\n<meta name=\"description\" content=\"Oficina t\u00e9cnica en todos los \u00e1mbitos de la definici\u00f3n y construcci\u00f3n de una obra en cualquiera de sus fases, agrupados en torno a las disciplinas que configuran la edificaci\u00f3n.\" \/>\n<meta name=\"robots\" content=\"index, follow, max-snippet:-1, max-image-preview:large, max-video-preview:-1\" \/>\n<link rel=\"canonical\" href=\"https:\/\/aguirreestudioarquitectura.com\/en\/concept\/\" \/>\n<meta property=\"og:locale\" content=\"en_US\" \/>\n<meta property=\"og:type\" content=\"article\" \/>\n<meta property=\"og:title\" content=\"CONCEPT - Aguirre Estudio de Arquitectura\" \/>\n<meta property=\"og:description\" content=\"Oficina t\u00e9cnica en todos los \u00e1mbitos de la definici\u00f3n y construcci\u00f3n de una obra en cualquiera de sus fases, agrupados en torno a las disciplinas que configuran la edificaci\u00f3n.\" \/>\n<meta property=\"og:url\" content=\"https:\/\/aguirreestudioarquitectura.com\/en\/concept\/\" \/>\n<meta property=\"og:site_name\" content=\"Aguirre Estudio de Arquitectura\" \/>\n<meta property=\"article:modified_time\" content=\"2023-05-26T14:49:30+00:00\" \/>\n<meta property=\"og:image\" content=\"https:\/\/aguirreestudioarquitectura.com\/wp-content\/uploads\/2023\/05\/FOTO-ESTUDIO_-_Mozas__Aguire_estudio_de_arquitectura_03-768x576-1-300x225.jpg\" \/>\n<meta name=\"twitter:card\" content=\"summary_large_image\" \/>\n<meta name=\"twitter:site\" content=\"@edu_aguirre_\" \/>\n<script type=\"application\/ld+json\" class=\"yoast-schema-graph\">{\"@context\":\"https:\/\/schema.org\",\"@graph\":[{\"@type\":\"WebPage\",\"@id\":\"https:\/\/aguirreestudioarquitectura.com\/en\/concept\/\",\"url\":\"https:\/\/aguirreestudioarquitectura.com\/en\/concept\/\",\"name\":\"CONCEPT - Aguirre Estudio de Arquitectura\",\"isPartOf\":{\"@id\":\"https:\/\/aguirreestudioarquitectura.com\/en\/#website\"},\"datePublished\":\"2020-12-16T16:30:20+00:00\",\"dateModified\":\"2023-05-26T14:49:30+00:00\",\"description\":\"Oficina t\u00e9cnica en todos los \u00e1mbitos de la definici\u00f3n y construcci\u00f3n de una obra en cualquiera de sus fases, agrupados en torno a las disciplinas que configuran la edificaci\u00f3n.\",\"breadcrumb\":{\"@id\":\"https:\/\/aguirreestudioarquitectura.com\/en\/concept\/#breadcrumb\"},\"inLanguage\":\"en-US\",\"potentialAction\":[{\"@type\":\"ReadAction\",\"target\":[\"https:\/\/aguirreestudioarquitectura.com\/en\/concept\/\"]}]},{\"@type\":\"BreadcrumbList\",\"@id\":\"https:\/\/aguirreestudioarquitectura.com\/en\/concept\/#breadcrumb\",\"itemListElement\":[{\"@type\":\"ListItem\",\"position\":1,\"name\":\"Portada\",\"item\":\"https:\/\/aguirreestudioarquitectura.com\/en\/\"},{\"@type\":\"ListItem\",\"position\":2,\"name\":\"CONCEPT\"}]},{\"@type\":\"WebSite\",\"@id\":\"https:\/\/aguirreestudioarquitectura.com\/en\/#website\",\"url\":\"https:\/\/aguirreestudioarquitectura.com\/en\/\",\"name\":\"Aguirre Estudio de Arquitectura\",\"description\":\"\",\"publisher\":{\"@id\":\"https:\/\/aguirreestudioarquitectura.com\/en\/#organization\"},\"potentialAction\":[{\"@type\":\"SearchAction\",\"target\":{\"@type\":\"EntryPoint\",\"urlTemplate\":\"https:\/\/aguirreestudioarquitectura.com\/en\/?s={search_term_string}\"},\"query-input\":\"required name=search_term_string\"}],\"inLanguage\":\"en-US\"},{\"@type\":\"Organization\",\"@id\":\"https:\/\/aguirreestudioarquitectura.com\/en\/#organization\",\"name\":\"MOZAS + AGUIRRE ESTUDIO DE ARQUITECTURA S.L.P.\",\"url\":\"https:\/\/aguirreestudioarquitectura.com\/en\/\",\"logo\":{\"@type\":\"ImageObject\",\"inLanguage\":\"en-US\",\"@id\":\"https:\/\/aguirreestudioarquitectura.com\/en\/#\/schema\/logo\/image\/\",\"url\":\"https:\/\/mozasaguirre.com\/wp-content\/uploads\/2021\/01\/LOGO-MOZAS-AGUIRRE-ESTUDIO-DE-ARQUITECTURA.png\",\"contentUrl\":\"https:\/\/mozasaguirre.com\/wp-content\/uploads\/2021\/01\/LOGO-MOZAS-AGUIRRE-ESTUDIO-DE-ARQUITECTURA.png\",\"width\":442,\"height\":52,\"caption\":\"MOZAS + AGUIRRE ESTUDIO DE ARQUITECTURA S.L.P.\"},\"image\":{\"@id\":\"https:\/\/aguirreestudioarquitectura.com\/en\/#\/schema\/logo\/image\/\"},\"sameAs\":[\"https:\/\/twitter.com\/edu_aguirre_\"]}]}<\/script>\n<!-- \/ Yoast SEO plugin. -->","yoast_head_json":{"title":"CONCEPT - Aguirre Estudio de Arquitectura","description":"Oficina t\u00e9cnica en todos los \u00e1mbitos de la definici\u00f3n y construcci\u00f3n de una obra en cualquiera de sus fases, agrupados en torno a las disciplinas que configuran la edificaci\u00f3n.","robots":{"index":"index","follow":"follow","max-snippet":"max-snippet:-1","max-image-preview":"max-image-preview:large","max-video-preview":"max-video-preview:-1"},"canonical":"https:\/\/aguirreestudioarquitectura.com\/en\/concept\/","og_locale":"en_US","og_type":"article","og_title":"CONCEPT - Aguirre Estudio de Arquitectura","og_description":"Oficina t\u00e9cnica en todos los \u00e1mbitos de la definici\u00f3n y construcci\u00f3n de una obra en cualquiera de sus fases, agrupados en torno a las disciplinas que configuran la edificaci\u00f3n.","og_url":"https:\/\/aguirreestudioarquitectura.com\/en\/concept\/","og_site_name":"Aguirre Estudio de Arquitectura","article_modified_time":"2023-05-26T14:49:30+00:00","og_image":[{"url":"https:\/\/aguirreestudioarquitectura.com\/wp-content\/uploads\/2023\/05\/FOTO-ESTUDIO_-_Mozas__Aguire_estudio_de_arquitectura_03-768x576-1-300x225.jpg"}],"twitter_card":"summary_large_image","twitter_site":"@edu_aguirre_","schema":{"@context":"https:\/\/schema.org","@graph":[{"@type":"WebPage","@id":"https:\/\/aguirreestudioarquitectura.com\/en\/concept\/","url":"https:\/\/aguirreestudioarquitectura.com\/en\/concept\/","name":"CONCEPT - Aguirre Estudio de Arquitectura","isPartOf":{"@id":"https:\/\/aguirreestudioarquitectura.com\/en\/#website"},"datePublished":"2020-12-16T16:30:20+00:00","dateModified":"2023-05-26T14:49:30+00:00","description":"Oficina t\u00e9cnica en todos los \u00e1mbitos de la definici\u00f3n y construcci\u00f3n de una obra en cualquiera de sus fases, agrupados en torno a las disciplinas que configuran la edificaci\u00f3n.","breadcrumb":{"@id":"https:\/\/aguirreestudioarquitectura.com\/en\/concept\/#breadcrumb"},"inLanguage":"en-US","potentialAction":[{"@type":"ReadAction","target":["https:\/\/aguirreestudioarquitectura.com\/en\/concept\/"]}]},{"@type":"BreadcrumbList","@id":"https:\/\/aguirreestudioarquitectura.com\/en\/concept\/#breadcrumb","itemListElement":[{"@type":"ListItem","position":1,"name":"Portada","item":"https:\/\/aguirreestudioarquitectura.com\/en\/"},{"@type":"ListItem","position":2,"name":"CONCEPT"}]},{"@type":"WebSite","@id":"https:\/\/aguirreestudioarquitectura.com\/en\/#website","url":"https:\/\/aguirreestudioarquitectura.com\/en\/","name":"Aguirre Estudio de Arquitectura","description":"","publisher":{"@id":"https:\/\/aguirreestudioarquitectura.com\/en\/#organization"},"potentialAction":[{"@type":"SearchAction","target":{"@type":"EntryPoint","urlTemplate":"https:\/\/aguirreestudioarquitectura.com\/en\/?s={search_term_string}"},"query-input":"required name=search_term_string"}],"inLanguage":"en-US"},{"@type":"Organization","@id":"https:\/\/aguirreestudioarquitectura.com\/en\/#organization","name":"MOZAS + AGUIRRE ESTUDIO DE ARQUITECTURA S.L.P.","url":"https:\/\/aguirreestudioarquitectura.com\/en\/","logo":{"@type":"ImageObject","inLanguage":"en-US","@id":"https:\/\/aguirreestudioarquitectura.com\/en\/#\/schema\/logo\/image\/","url":"https:\/\/mozasaguirre.com\/wp-content\/uploads\/2021\/01\/LOGO-MOZAS-AGUIRRE-ESTUDIO-DE-ARQUITECTURA.png","contentUrl":"https:\/\/mozasaguirre.com\/wp-content\/uploads\/2021\/01\/LOGO-MOZAS-AGUIRRE-ESTUDIO-DE-ARQUITECTURA.png","width":442,"height":52,"caption":"MOZAS + AGUIRRE ESTUDIO DE ARQUITECTURA S.L.P."},"image":{"@id":"https:\/\/aguirreestudioarquitectura.com\/en\/#\/schema\/logo\/image\/"},"sameAs":["https:\/\/twitter.com\/edu_aguirre_"]}]}},"_links":{"self":[{"href":"https:\/\/aguirreestudioarquitectura.com\/en\/wp-json\/wp\/v2\/pages\/594","targetHints":{"allow":["GET"]}}],"collection":[{"href":"https:\/\/aguirreestudioarquitectura.com\/en\/wp-json\/wp\/v2\/pages"}],"about":[{"href":"https:\/\/aguirreestudioarquitectura.com\/en\/wp-json\/wp\/v2\/types\/page"}],"author":[{"embeddable":true,"href":"https:\/\/aguirreestudioarquitectura.com\/en\/wp-json\/wp\/v2\/users\/1"}],"replies":[{"embeddable":true,"href":"https:\/\/aguirreestudioarquitectura.com\/en\/wp-json\/wp\/v2\/comments?post=594"}],"version-history":[{"count":7,"href":"https:\/\/aguirreestudioarquitectura.com\/en\/wp-json\/wp\/v2\/pages\/594\/revisions"}],"predecessor-version":[{"id":761,"href":"https:\/\/aguirreestudioarquitectura.com\/en\/wp-json\/wp\/v2\/pages\/594\/revisions\/761"}],"wp:attachment":[{"href":"https:\/\/aguirreestudioarquitectura.com\/en\/wp-json\/wp\/v2\/media?parent=594"}],"curies":[{"name":"wp","href":"https:\/\/api.w.org\/{rel}","templated":true}]}}